{"id":84,"date":"2016-10-02T19:00:33","date_gmt":"2016-10-02T17:00:33","guid":{"rendered":"http:\/\/www.kutmon.com\/goldschmiede\/?page_id=84"},"modified":"2018-06-19T12:49:14","modified_gmt":"2018-06-19T10:49:14","slug":"kontakt","status":"publish","type":"page","link":"http:\/\/www.kutmon.com\/goldschmiede\/kontakt\/","title":{"rendered":"Kontakt"},"content":{"rendered":"<p>Wir sind eine Goldschmiede, die ohne Stress und Druck arbeiten m\u00f6chten und einen Weg suchen, in Ruhe und mit voller Aufmerksamkeit f\u00fcr unsere Kunden pers\u00f6nlich Zeit zu haben.<\/p>\n<p><strong>Telefonische Terminvereinbarung:<br \/>\n<\/strong><\/p>\n<ul>\n<li>Tel: 0664-5165794<\/li>\n<li>Email: goldschmiede (at) kutmon.com<\/li>\n<\/ul>\n<hr \/>\n<h4>Adresse<\/h4>\n<p>Atelier in Mils bei Hall<br \/>\nLindrain 11<br \/>\n6068 Mils bei Hall<\/p>\n<p><iframe loading=\"lazy\" src=\"https:\/\/www.google.com\/maps\/d\/u\/0\/embed?mid=1z5_TWPL27rvOukjwP8cTEALElKk&amp;z=14\" width=\"640\" height=\"480\"><\/iframe><\/p>\n","protected":false},"excerpt":{"rendered":"<p>Wir sind eine Goldschmiede, die ohne Stress und Druck arbeiten m\u00f6chten und einen Weg suchen, in Ruhe und mit voller Aufmerksamkeit f\u00fcr unsere Kunden pers\u00f6nlich Zeit zu haben. Telefonische Terminvereinbarung: Tel: 0664-5165794 Email: goldschmiede (at) kutmon.com Adresse Atelier in Mils bei Hall Lindrain 11 6068 Mils bei Hall<\/p>\n","protected":false},"author":2,"featured_media":0,"parent":0,"menu_order":0,"comment_status":"closed","ping_status":"closed","template":"","meta":{"footnotes":""},"class_list":["post-84","page","type-page","status-publish","hentry"],"_links":{"self":[{"href":"http:\/\/www.kutmon.com\/goldschmiede\/wp-json\/wp\/v2\/pages\/84","targetHints":{"allow":["GET"]}}],"collection":[{"href":"http:\/\/www.kutmon.com\/goldschmiede\/wp-json\/wp\/v2\/pages"}],"about":[{"href":"http:\/\/www.kutmon.com\/goldschmiede\/wp-json\/wp\/v2\/types\/page"}],"author":[{"embeddable":true,"href":"http:\/\/www.kutmon.com\/goldschmiede\/wp-json\/wp\/v2\/users\/2"}],"replies":[{"embeddable":true,"href":"http:\/\/www.kutmon.com\/goldschmiede\/wp-json\/wp\/v2\/comments?post=84"}],"version-history":[{"count":17,"href":"http:\/\/www.kutmon.com\/goldschmiede\/wp-json\/wp\/v2\/pages\/84\/revisions"}],"predecessor-version":[{"id":344,"href":"http:\/\/www.kutmon.com\/goldschmiede\/wp-json\/wp\/v2\/pages\/84\/revisions\/344"}],"wp:attachment":[{"href":"http:\/\/www.kutmon.com\/goldschmiede\/wp-json\/wp\/v2\/media?parent=84"}],"curies":[{"name":"wp","href":"https:\/\/api.w.org\/{rel}","templated":true}]}}