{"id":79,"date":"2016-10-02T19:00:03","date_gmt":"2016-10-02T17:00:03","guid":{"rendered":"http:\/\/www.kutmon.com\/goldschmiede\/?page_id=79"},"modified":"2019-03-04T14:21:31","modified_gmt":"2019-03-04T13:21:31","slug":"leistungen","status":"publish","type":"page","link":"http:\/\/www.kutmon.com\/goldschmiede\/leistungen\/","title":{"rendered":"Leistungen"},"content":{"rendered":"<h3>Was Anton Kutmon f\u00fcr Sie machen kann<\/h3>\n<ul>\n<li>Die Schmuckst\u00fccke, die Sie auf dieser Webseite finden, sind  Einzelanfertigungen, die in der Goldschmiede in Innsbruck ausgestellt werden bzw. wurden.<\/li>\n<li>Es ist m\u00f6glich, sich von den Schmuckst\u00fccken auf dieser Webseite inspirieren zu lassen, und Anton Kutmon Ihre (Farb-, Material-) Vorstellungen f\u00fcr Ihr ganz pers\u00f6nliches Schmuckst\u00fcck mitzuteilen.<\/li>\n<li>Sie k\u00f6nnen Anton Kutmon auch gerne Ihren Wunsch f\u00fcr ein ganz individuelles Lieblingsschmuckst\u00fcck mitteilen. Ein Hobby, einen besonderen Anlass, eine pers\u00f6nliche Erinnerung oder Philosophie auf kreative Art in ein Schmuckst\u00fcck einzuarbeiten, ist Anton Kutmon eine gro\u00dfe Freude.<\/li>\n<li>Falls Sie Interesse an Symbolschmuck, auch unter Verwendung von Kraft- und Heilsteinen haben, ber\u00e4t Sie zu Formen und Materialien sehr gerne unverbindlich seine Frau, Lisa Kutmon, <a href=\"http:\/\/www.wegderliebe.com\" target=\"_blank\" rel=\"noopener noreferrer\">www.wegderliebe.com<\/a>.<\/li>\n<\/ul>\n","protected":false},"excerpt":{"rendered":"<p>Was Anton Kutmon f\u00fcr Sie machen kann Die Schmuckst\u00fccke, die Sie auf dieser Webseite finden, sind Einzelanfertigungen, die in der Goldschmiede in Innsbruck ausgestellt werden bzw. wurden. Es ist m\u00f6glich, sich von den Schmuckst\u00fccken auf dieser Webseite inspirieren zu lassen, und Anton Kutmon Ihre (Farb-, Material-) Vorstellungen f\u00fcr Ihr ganz pers\u00f6nliches Schmuckst\u00fcck mitzuteilen. Sie k\u00f6nnen Anton Kutmon auch gerne Ihren Wunsch f\u00fcr ein ganz individuelles Lieblingsschmuckst\u00fcck mitteilen. Ein Hobby, einen besonderen Anlass, eine pers\u00f6nliche Erinnerung oder Philosophie auf kreative Art in ein Schmuckst\u00fcck einzuarbeiten, ist Anton Kutmon eine gro\u00dfe Freude. Falls Sie Interesse an Symbolschmuck, auch unter Verwendung von Kraft- <\/p>\n","protected":false},"author":2,"featured_media":0,"parent":0,"menu_order":0,"comment_status":"closed","ping_status":"closed","template":"","meta":{"footnotes":""},"class_list":["post-79","page","type-page","status-publish","hentry"],"_links":{"self":[{"href":"http:\/\/www.kutmon.com\/goldschmiede\/wp-json\/wp\/v2\/pages\/79","targetHints":{"allow":["GET"]}}],"collection":[{"href":"http:\/\/www.kutmon.com\/goldschmiede\/wp-json\/wp\/v2\/pages"}],"about":[{"href":"http:\/\/www.kutmon.com\/goldschmiede\/wp-json\/wp\/v2\/types\/page"}],"author":[{"embeddable":true,"href":"http:\/\/www.kutmon.com\/goldschmiede\/wp-json\/wp\/v2\/users\/2"}],"replies":[{"embeddable":true,"href":"http:\/\/www.kutmon.com\/goldschmiede\/wp-json\/wp\/v2\/comments?post=79"}],"version-history":[{"count":6,"href":"http:\/\/www.kutmon.com\/goldschmiede\/wp-json\/wp\/v2\/pages\/79\/revisions"}],"predecessor-version":[{"id":375,"href":"http:\/\/www.kutmon.com\/goldschmiede\/wp-json\/wp\/v2\/pages\/79\/revisions\/375"}],"wp:attachment":[{"href":"http:\/\/www.kutmon.com\/goldschmiede\/wp-json\/wp\/v2\/media?parent=79"}],"curies":[{"name":"wp","href":"https:\/\/api.w.org\/{rel}","templated":true}]}}